{"id":7950,"date":"2019-10-17T19:35:00","date_gmt":"2019-10-17T17:35:00","guid":{"rendered":"http:\/\/platoteca.platohedro.org\/?page_id=7950"},"modified":"2021-06-09T19:37:16","modified_gmt":"2021-06-09T17:37:16","slug":"estructura","status":"publish","type":"page","link":"https:\/\/platoteca.platohedro.org\/?page_id=7950","title":{"rendered":"Estructura"},"content":{"rendered":"\n<p>El rizoma de La Platoteca | Centro de documentaci\u00f3n alternativo se estructura en base a las cuatro mesetas conformadas por diferentes temas.&nbsp;&nbsp;<br><\/p>\n\n\n\n<p>Relacionadas con las mesetas se encuentran los metatags, temas en los que hay una mayor concentraci\u00f3n de documentaci\u00f3n.&nbsp;<br><\/p>\n\n\n\n<p>Relacionados con toda la estructura de catalogaci\u00f3n se encuentran los metatemas, aquellos que sobrevuelan por todas las mesetas y no se enmarcan concretamente en ninguna.&nbsp;<br><\/p>\n\n\n\n<p><strong>METATEMAS:<\/strong><br><\/p>\n\n\n\n<ul class=\"wp-block-list\"><li>Espacio p\u00fablico y ciudad&nbsp;<\/li><li>Investigaci\u00f3n<\/li><\/ul>\n\n\n\n<p><strong>> Meseta 1: <span style=\"color:#00a08c\" class=\"has-inline-color\">ARTE Y PENSAMIENTO [AP]<\/span>\u00a0<\/strong><br><\/p>\n\n\n\n<p>Se refiere a todas las investigaciones, manifestaciones art\u00edsticas, teor\u00edas del conocimiento y gesti\u00f3n cultural que se desarrollan en Platohedro interna y externamente.&nbsp;<br><\/p>\n\n\n\n<p>En ella se encuentran los siguientes temas:&nbsp;<br><\/p>\n\n\n\n<ul class=\"wp-block-list\"><li>Artes vivas (performance, teatro, danza)<\/li><li>Artes visuales (instalaci\u00f3n, videoarte, fotograf\u00eda)<\/li><li>Artes mediales (arte tecnol\u00f3gico, media art,&nbsp; arte sonoro &#8211; ruido y cacharreo, cartograf\u00edas)<\/li><li>Curadur\u00eda cr\u00edtica<\/li><li>Filosof\u00eda y pensamiento<\/li><li>Bio arte<\/li><li>Arte urbano<\/li><\/ul>\n\n\n\n<p>Meta tags: #Residencias, #exposiciones, #festivales<br><\/p>\n\n\n\n<p><strong>> Meseta 2: <span style=\"color:#3030d3\" class=\"has-inline-color\">BUEN VIVIR<\/span><\/strong> <strong><span style=\"color:#3030d3\" class=\"has-inline-color\">[BV]<\/span><\/strong><br><\/p>\n\n\n\n<p>Se refiere a todos aquellos materiales que tienen en cuenta el bienestar (en t\u00e9rminos del buen vivir), el conocimiento del contexto, las formas de relacionarse con \u00e9l&nbsp; y en \u00e9l, as\u00ed como las micropol\u00edticas.<br><\/p>\n\n\n\n<p>En ella se encuentran los siguientes temas:<br><\/p>\n\n\n\n<ul class=\"wp-block-list\"><li>Ecosistemas (econom\u00edas, ecolog\u00eda, suelo y plantas, biodiversidad, antropoceno)<\/li><li>Patrimonio<\/li><li>Sostenibilidad<\/li><li>Pol\u00edticas p\u00fablicas<\/li><li>Lo com\u00fan (comunitario, colectividades, co-inspiraciones, cooperaci\u00f3n, trabajo colaborativo)<\/li><li>Gesti\u00f3n cultural<\/li><li>Cultura comunitaria (colectivos culturales comunitarios (CCC))<\/li><li>G\u00e9nero y pos-g\u00e9nero (feminismo, transfeminismo, queer\/cuir, cuerpo, mujeres, LGBTI)<\/li><li>Historia y memoria (paz, conflicto, Derechos Humanos, actores armados, movilizaci\u00f3n social, movimientos sociales, resistencia social, v\u00edctimas, reconciliaci\u00f3n, reparaci\u00f3n, restituci\u00f3n, postconflicto, intercultural, tradiciones, desmovilizaci\u00f3n, desplazamiento forzado, desaparici\u00f3n forzada, violencia sexual)<\/li><li>NNAJ (ni\u00f1as, ni\u00f1os, adolescentes, j\u00f3venes)<\/li><\/ul>\n\n\n\n<p>Meta tags: #Motivando a la GYAL<br><\/p>\n\n\n\n<p><strong>> Meseta 3: <span style=\"color:#ffc600\" class=\"has-inline-color\">Comunicaci\u00f3n Libre Compartida [CLC<\/span><\/strong><span style=\"color:#ffc600\" class=\"has-inline-color\">]<\/span><br><\/p>\n\n\n\n<p>Se refiere a todos aquellos temas que tienen que ver con c\u00f3mo entendemos la comunicaci\u00f3n y la apropiaci\u00f3n de las tecnolog\u00edas y los media, las diferentes formas de expresi\u00f3n libre.&nbsp;<br><\/p>\n\n\n\n<ul class=\"wp-block-list\"><li>Tecnolog\u00edas An\u00e1logas (experimentaci\u00f3n sonora)<\/li><li>Software libre<\/li><li>Cultura libre<\/li><li>Cultura digital<\/li><li>Audiovisuales (cine, documental)<\/li><li>Radio<\/li><li>Hacking (lab)<\/li><li>Medios de comunicaci\u00f3n (periodismo)<\/li><li>Medios alternativos<\/li><\/ul>\n\n\n\n<p>Meta tags: # Puerto interactivo<br><\/p>\n\n\n\n<p><strong>> Meseta 4: <span style=\"color:#ce0063\" class=\"has-inline-color\">D-formaci\u00f3n<\/span> <span style=\"color:#ce0063\" class=\"has-inline-color\">[DF]<\/span><\/strong><br><\/p>\n\n\n\n<p>Se refiere a todos aquellos materiales vinculados a las metodolog\u00edas y pedagog\u00edas que llevamos a la pr\u00e1ctica en Platohedro:<br><\/p>\n\n\n\n<ul class=\"wp-block-list\"><li>Pedagog\u00edas (EBS&nbsp; (Enfoque Basado en Soluciones), IAP (Investigaci\u00f3n-Acci\u00f3n Participativa), pedagog\u00eda cr\u00edtica, pedagog\u00edas alternativas)<\/li><li>Metodolog\u00edas (DIY (Do It Yourself), DIWO (Do It With Others), te cambio lo tuyo por lo m\u00edo, P2P (Peer to Peer))<\/li><\/ul>\n\n\n\n<p>Meta tags: #Matin\u00e9e, #CreaAcci\u00f3n, #Jaquer Escool, #Manga Libre<br><\/p>\n","protected":false},"excerpt":{"rendered":"<p>El rizoma de La Platoteca | Centro de documentaci\u00f3n alternativo se estructura en base a las cuatro mesetas conformadas por diferentes temas.&nbsp;&nbsp; Relacionadas con las mesetas se encuentran los metatags, temas en los que hay una mayor concentraci\u00f3n de documentaci\u00f3n.&nbsp; Relacionados con toda la estructura de catalogaci\u00f3n se encuentran los metatemas, aquellos que sobrevuelan por todas las mesetas y no&#46;&#46;&#46;<\/p>\n","protected":false},"author":1,"featured_media":0,"parent":0,"menu_order":0,"comment_status":"closed","ping_status":"closed","template":"","meta":{"_acf_changed":false,"footnotes":""},"class_list":["post-7950","page","type-page","status-publish","hentry"],"acf":[],"_links":{"self":[{"href":"https:\/\/platoteca.platohedro.org\/index.php?rest_route=\/wp\/v2\/pages\/7950","targetHints":{"allow":["GET"]}}],"collection":[{"href":"https:\/\/platoteca.platohedro.org\/index.php?rest_route=\/wp\/v2\/pages"}],"about":[{"href":"https:\/\/platoteca.platohedro.org\/index.php?rest_route=\/wp\/v2\/types\/page"}],"author":[{"embeddable":true,"href":"https:\/\/platoteca.platohedro.org\/index.php?rest_route=\/wp\/v2\/users\/1"}],"replies":[{"embeddable":true,"href":"https:\/\/platoteca.platohedro.org\/index.php?rest_route=%2Fwp%2Fv2%2Fcomments&post=7950"}],"version-history":[{"count":3,"href":"https:\/\/platoteca.platohedro.org\/index.php?rest_route=\/wp\/v2\/pages\/7950\/revisions"}],"predecessor-version":[{"id":9825,"href":"https:\/\/platoteca.platohedro.org\/index.php?rest_route=\/wp\/v2\/pages\/7950\/revisions\/9825"}],"wp:attachment":[{"href":"https:\/\/platoteca.platohedro.org\/index.php?rest_route=%2Fwp%2Fv2%2Fmedia&parent=7950"}],"curies":[{"name":"wp","href":"https:\/\/api.w.org\/{rel}","templated":true}]}}