{"id":7946,"date":"2019-10-17T19:31:53","date_gmt":"2019-10-17T17:31:53","guid":{"rendered":"http:\/\/platoteca.platohedro.org\/?page_id=7946"},"modified":"2025-04-22T09:44:05","modified_gmt":"2025-04-22T07:44:05","slug":"platoteca","status":"publish","type":"page","link":"https:\/\/platoteca.platohedro.org\/","title":{"rendered":"PLATOTECA"},"content":{"rendered":"\t\t<div data-elementor-type=\"wp-page\" data-elementor-id=\"7946\" class=\"elementor elementor-7946\">\n\t\t\t\t\t\t<section class=\"elementor-section elementor-top-section elementor-element elementor-element-6e82a84 elementor-section-full_width elementor-section-height-default elementor-section-height-default\" data-id=\"6e82a84\" data-element_type=\"section\" data-settings=\"{&quot;background_background&quot;:&quot;video&quot;,&quot;background_video_link&quot;:&quot;https:\\\/\\\/vimeo.com\\\/746920314&quot;}\">\n\t\t\t\t\t\t\t\t<div class=\"elementor-background-video-container elementor-hidden-mobile\">\n\t\t\t\t\t\t\t\t\t\t\t\t\t<div class=\"elementor-background-video-embed\"><\/div>\n\t\t\t\t\t\t\t\t\t\t\t\t<\/div>\n\t\t\t\t\t\t\t\t<div class=\"elementor-container elementor-column-gap-default\">\n\t\t\t\t\t<div class=\"elementor-column elementor-col-100 elementor-top-column elementor-element elementor-element-d770fa4\" data-id=\"d770fa4\" data-element_type=\"column\">\n\t\t\t<div class=\"elementor-widget-wrap elementor-element-populated\">\n\t\t\t\t\t\t<div class=\"elementor-element elementor-element-1b5adf0 elementor-widget elementor-widget-spacer\" data-id=\"1b5adf0\" data-element_type=\"widget\" data-widget_type=\"spacer.default\">\n\t\t\t\t<div class=\"elementor-widget-container\">\n\t\t\t\t\t\t\t<div class=\"elementor-spacer\">\n\t\t\t<div class=\"elementor-spacer-inner\"><\/div>\n\t\t<\/div>\n\t\t\t\t\t\t<\/div>\n\t\t\t\t<\/div>\n\t\t\t\t\t<\/div>\n\t\t<\/div>\n\t\t\t\t\t<\/div>\n\t\t<\/section>\n\t\t\t\t<section class=\"elementor-section elementor-top-section elementor-element elementor-element-55a39c1 elementor-section-boxed elementor-section-height-default elementor-section-height-default\" data-id=\"55a39c1\" data-element_type=\"section\">\n\t\t\t\t\t\t<div class=\"elementor-container elementor-column-gap-default\">\n\t\t\t\t\t<div class=\"elementor-column elementor-col-100 elementor-top-column elementor-element elementor-element-60b1d8e8\" data-id=\"60b1d8e8\" data-element_type=\"column\">\n\t\t\t<div class=\"elementor-widget-wrap elementor-element-populated\">\n\t\t\t\t\t\t<div class=\"elementor-element elementor-element-523c52fb elementor-widget elementor-widget-text-editor\" data-id=\"523c52fb\" data-element_type=\"widget\" data-widget_type=\"text-editor.default\">\n\t\t\t\t<div class=\"elementor-widget-container\">\n\t\t\t\t\t\t\t\t\t<p><\/p>\n<p><strong>Centro de Documentaci\u00f3n Alternativo<\/strong><\/p>\n<p><\/p>\n<p><\/p>\n\n<p><\/p>\n<p><\/p>\n<p><strong>La Platoteca | Centro de documentaci\u00f3n Alternativo<\/strong> es un espacio para la investigaci\u00f3n, la consulta y el des-aprendizaje. Se encuentra ubicado en la casa Platohedro.&nbsp;<\/p>\n<p><\/p>\n<p><\/p>\n<p>La Platoteca se articula en base a una estructura rizom\u00e1tica* en la que no existe una jerarqu\u00eda del conocimiento. En un rizoma no hay puntos o posiciones como ocurre en una estructura, un \u00e1rbol, una ra\u00edz\u2026 En un rizoma solo hay l\u00edneas. Los materiales que conforman el archivo tienen unas caracter\u00edsticas entrelazadas, conformando un todo significativo, h\u00edbrido y mutante.&nbsp;<\/p>\n<p><\/p>\n<p><\/p>\n<p>En La Platoteca | Centro de documentaci\u00f3n alternativo germinan 4 mesetas o agrupaciones del conocimiento que se relacionan con los cuatro programas de Platohedro. Estas son:&nbsp;<\/p>\n<p><\/p>\n<p><\/p>\n<ul class=\"wp-block-list\">\n<li>Arte y pensamiento<\/li>\n<li>Buen vivir&nbsp;<\/li>\n<li>CLC (Comunicaci\u00f3n Libre y Compartida)&nbsp;<\/li>\n<li>D-formaci\u00f3n<\/li>\n<\/ul>\n<p><\/p>\n<p><\/p>\n<p>Estas cuatro mesetas versan cada una&nbsp; sobre un gran tema (nodo) que incluye tem\u00e1ticas, conceptos y l\u00edneas de investigaci\u00f3n sobre las que accionamos (ra\u00edces). Los grandes temas se entrecruzan y tienen un crecimiento horizontal y entrelazado.&nbsp;<\/p>\n<p><\/p>\n<p><\/p>\n<hr class=\"wp-block-separator\">\n<p><\/p>\n<p><\/p>\n<p><strong>Para solicitar una cita, escribe a:<\/strong>&nbsp; <a rel=\"noreferrer noopener\" href=\"mailto:comunicaplatohedro@gmail.com\" target=\"_blank\">comunicaplatohedro@gmail.com<\/a><\/p>\n<p><\/p>\n<p><\/p>\n<p>Una vez te recibamos, recuerda:<br><\/p>\n<p><\/p>\n<p><\/p>\n<ul class=\"wp-block-list\">\n<li>Es mejor entrar en el espacio solo con el material necesario (libro, cuaderno, l\u00e1piz,computador). Para estar m\u00e1s comodx, deja tus cosas en el mueble de la entrada.<\/li>\n<li>Luego de consultar un documento d\u00e9jalo siempre sobre la mesa, no lo intentes colocar en las estanter\u00edas, ya lo hacemos nosotras, \u00a1gracias!<\/li>\n<li>Cuando se termine tu tiempo de consulta, avisa a la persona que te recibi\u00f3.<\/li>\n<\/ul>\n<p><\/p>\t\t\t\t\t\t\t\t<\/div>\n\t\t\t\t<\/div>\n\t\t\t\t\t<\/div>\n\t\t<\/div>\n\t\t\t\t\t<\/div>\n\t\t<\/section>\n\t\t\t\t<\/div>\n\t\t","protected":false},"excerpt":{"rendered":"<p>Centro de Documentaci\u00f3n Alternativo La Platoteca | Centro de documentaci\u00f3n Alternativo es un espacio para la investigaci\u00f3n, la consulta y el des-aprendizaje. Se encuentra ubicado en la casa Platohedro.&nbsp; La Platoteca se articula en base a una estructura rizom\u00e1tica* en la que no existe una jerarqu\u00eda del conocimiento. En un rizoma no hay puntos o posiciones como ocurre en una&#46;&#46;&#46;<\/p>\n","protected":false},"author":1,"featured_media":0,"parent":0,"menu_order":0,"comment_status":"closed","ping_status":"closed","template":"","meta":{"_acf_changed":false,"footnotes":""},"class_list":["post-7946","page","type-page","status-publish","hentry"],"acf":[],"_links":{"self":[{"href":"https:\/\/platoteca.platohedro.org\/index.php?rest_route=\/wp\/v2\/pages\/7946","targetHints":{"allow":["GET"]}}],"collection":[{"href":"https:\/\/platoteca.platohedro.org\/index.php?rest_route=\/wp\/v2\/pages"}],"about":[{"href":"https:\/\/platoteca.platohedro.org\/index.php?rest_route=\/wp\/v2\/types\/page"}],"author":[{"embeddable":true,"href":"https:\/\/platoteca.platohedro.org\/index.php?rest_route=\/wp\/v2\/users\/1"}],"replies":[{"embeddable":true,"href":"https:\/\/platoteca.platohedro.org\/index.php?rest_route=%2Fwp%2Fv2%2Fcomments&post=7946"}],"version-history":[{"count":10,"href":"https:\/\/platoteca.platohedro.org\/index.php?rest_route=\/wp\/v2\/pages\/7946\/revisions"}],"predecessor-version":[{"id":10073,"href":"https:\/\/platoteca.platohedro.org\/index.php?rest_route=\/wp\/v2\/pages\/7946\/revisions\/10073"}],"wp:attachment":[{"href":"https:\/\/platoteca.platohedro.org\/index.php?rest_route=%2Fwp%2Fv2%2Fmedia&parent=7946"}],"curies":[{"name":"wp","href":"https:\/\/api.w.org\/{rel}","templated":true}]}}